{"id":17,"date":"2019-11-13T19:33:06","date_gmt":"2019-11-13T18:33:06","guid":{"rendered":"https:\/\/liftalbert.be\/?page_id=17"},"modified":"2024-05-14T18:39:10","modified_gmt":"2024-05-14T16:39:10","slug":"diensten","status":"publish","type":"page","link":"https:\/\/liftalbert.be\/fr\/diensten\/","title":{"rendered":"Nos services"},"content":{"rendered":"<blockquote><p>LiftAlbert.be est une petite soci\u00e9t\u00e9 d\u00e9m\u00e9nagement lanc\u00e9 par deux fr\u00e8res Abrams apr\u00e8s 15 ans d&rsquo;exp\u00e9riences professionnelle dans une grande entreprise de d\u00e9m\u00e9nagement, que ils decident de se lanc\u00e9 comme ind\u00e9pendant et ouvre LiftAlbert.be<\/p><\/blockquote>\n<p><img loading=\"lazy\" decoding=\"async\" class=\"alignnone wp-image-86 size-large\" src=\"https:\/\/liftalbert.be\/wp-content\/uploads\/2021\/08\/Liftservice-Brussel-liftalbert-1024x512.jpg\" alt=\"\" width=\"1024\" height=\"512\" srcset=\"https:\/\/liftalbert.be\/wp-content\/uploads\/2021\/08\/Liftservice-Brussel-liftalbert-1024x512.jpg 1024w, https:\/\/liftalbert.be\/wp-content\/uploads\/2021\/08\/Liftservice-Brussel-liftalbert-300x150.jpg 300w, https:\/\/liftalbert.be\/wp-content\/uploads\/2021\/08\/Liftservice-Brussel-liftalbert-768x384.jpg 768w, https:\/\/liftalbert.be\/wp-content\/uploads\/2021\/08\/Liftservice-Brussel-liftalbert-200x100.jpg 200w, https:\/\/liftalbert.be\/wp-content\/uploads\/2021\/08\/Liftservice-Brussel-liftalbert-690x345.jpg 690w, https:\/\/liftalbert.be\/wp-content\/uploads\/2021\/08\/Liftservice-Brussel-liftalbert.jpg 1200w\" sizes=\"(max-width: 1024px) 100vw, 1024px\" \/><\/p>\n<p>Chez <strong>Lift Albert<\/strong>, la qualit\u00e9 de nos services est une priorit\u00e9 absolue. Nous comprenons l&rsquo;importance de garantir la s\u00e9curit\u00e9 de vos biens lors de vos d\u00e9m\u00e9nagements, c&rsquo;est pourquoi nous prenons des mesures rigoureuses pour assurer un niveau de s\u00e9curit\u00e9 maximal. Nos monte-charges (\u00e9l\u00e9vateurs) sont r\u00e9guli\u00e8rement contr\u00f4l\u00e9s et entretenus pour garantir leur bon fonctionnement et leur s\u00e9curit\u00e9 lors de leur utilisation. De plus, nous sommes pleinement assur\u00e9s en cas de dommages \u00e9ventuels, ce qui vous offre une tranquillit\u00e9 d&rsquo;esprit suppl\u00e9mentaire lors de votre d\u00e9m\u00e9nagement.<\/p>\n<p>En tant qu&rsquo;entreprise de d\u00e9m\u00e9nagement compl\u00e8te, nous offrons une gamme compl\u00e8te de services pour r\u00e9pondre \u00e0 tous vos besoins en mati\u00e8re de d\u00e9m\u00e9nagement. Que vous ayez besoin de louer un lift, un camion ou une camionnette, ou que vous recherchiez des d\u00e9m\u00e9nageurs qualifi\u00e9s pour vous aider avec votre d\u00e9m\u00e9nagement, nous avons tout ce qu&rsquo;il vous faut. Notre \u00e9quipe exp\u00e9riment\u00e9e est l\u00e0 pour vous accompagner \u00e0 chaque \u00e9tape du processus, en veillant \u00e0 ce que votre d\u00e9m\u00e9nagement se d\u00e9roule sans accroc.<\/p>\n<p>De plus, nous avons \u00e9largi notre zone d&rsquo;intervention pour desservir <strong>un rayon de 40 km autour de Bruxelles<\/strong>, afin de r\u00e9pondre aux besoins de nos clients dans une plus grande r\u00e9gion. Qu&rsquo;il s&rsquo;agisse d&rsquo;un d\u00e9m\u00e9nagement complet, d&rsquo;une location de lift, lift tractable ou de camion, ou de services de vide-maison, de vide-local, de nettoyage de chantier ou d&rsquo;entrep\u00f4t, notre \u00e9quipe r\u00e9active et professionnelle est l\u00e0 pour vous aider. Confiez-nous votre d\u00e9m\u00e9nagement, et nous nous occuperons de tout pour vous assurer une exp\u00e9rience sans stress et sans tracas.<\/p>\n<p>&nbsp;<\/p>\n<h4>Nous proposons des formules simple et rapide de r\u00e9servation de lift \u00e0 Bruxelles pas cher, avec op\u00e9rateur actif ainsi que pleins d\u2019autres services pour facilit\u00e9 au mieux votre d\u00e9m\u00e9nagement ;<\/h4>\n<p>&nbsp;<\/p>\n<ul>\n<li><a href=\"\/fr\/\/verhuisfirma-lift-albert-uw-partner-voor-een-zorgeloze-verhuizing\/\">Entreprise de d\u00e9m\u00e9nagement complet<\/a><\/li>\n<li><a href=\"\/fr\/liftservice-verhuislift-ladderlift-meubellift-huren-brussel\/\">Location d\u2019un lift\/monte-charge\/\u00e9l\u00e9vateur&nbsp;<\/a><\/li>\n<li><a href=\"\/fr\/demontabele-ladderlift-huren\/\">Location de lift tractable<\/a><\/li>\n<li><a href=\"\/fr\/camionverhuur-brussel-goedkoop\/\">Location de camion, camionnette pour d\u00e9m\u00e9nagement avec chauffeur<\/a><\/li>\n<li>Location de d\u00e9m\u00e9nageur pro<\/li>\n<li>Garde Meuble<\/li>\n<li>D\u00e9m\u00e9nagement de piano, objet fragile \u2026<\/li>\n<li>Service montage\/d\u00e9montage<\/li>\n<li>Nettoyage chantier\/ appartement\u2026<\/li>\n<li>Service pour les professionnelles location par journ\u00e9e pour vos chantiers<\/li>\n<li>Service cartons, emballage pour d\u00e9m\u00e9nagement<\/li>\n<li>Vide Maison \/ Bureau \/ Entrep\u00f4t<\/li>\n<\/ul>\n<p>N\u2019h\u00e9sitez pas \u00e0 nous contacter pour un devis gratuit n\u2019oubliez pas d\u2019ajouter des photos pour nous facilit\u00e9 dans la r\u00e9daction de votre devis.<\/p>\n<p>&nbsp;<\/p>\n","protected":false},"excerpt":{"rendered":"<p>LiftAlbert.be est une petite soci\u00e9t\u00e9 d\u00e9m\u00e9nagement lanc\u00e9 par deux fr\u00e8res Abrams apr\u00e8s 15 ans d&rsquo;exp\u00e9riences professionnelle dans une grande entreprise&nbsp;[&hellip;]<\/p>\n","protected":false},"author":1,"featured_media":0,"parent":0,"menu_order":0,"comment_status":"closed","ping_status":"closed","template":"","meta":{"ngg_post_thumbnail":0,"footnotes":""},"translation":{"provider":"WPGlobus","version":"2.12.2","language":"fr","enabled_languages":["nl","fr"],"languages":{"nl":{"title":true,"content":true,"excerpt":false},"fr":{"title":true,"content":true,"excerpt":false}}},"yoast_head":"<!-- This site is optimized with the Yoast SEO plugin v22.3 - https:\/\/yoast.com\/wordpress\/plugins\/seo\/ -->\n<title>Nos services de d\u00e9m\u00e9nagement - LiftAlbert.be<\/title>\n<meta name=\"description\" content=\"D\u00e9m\u00e9nagements Lift Albert accompagne les particuliers et les entreprises \u00e0 Bruxelles et alentours pour leur d\u00e9m\u00e9nagement avec des offres adapt\u00e9es.\" \/>\n<meta name=\"robots\" content=\"index, follow, max-snippet:-1, max-image-preview:large, max-video-preview:-1\" \/>\n<link rel=\"canonical\" href=\"https:\/\/liftalbert.be\/diensten\/\" \/>\n<meta property=\"og:locale\" content=\"fr_FR\" \/>\n<meta property=\"og:type\" content=\"article\" \/>\n<meta property=\"og:title\" content=\"Nos services de d\u00e9m\u00e9nagement - LiftAlbert.be\" \/>\n<meta property=\"og:description\" content=\"D\u00e9m\u00e9nagements Lift Albert accompagne les particuliers et les entreprises \u00e0 Bruxelles et alentours pour leur d\u00e9m\u00e9nagement avec des offres adapt\u00e9es.\" \/>\n<meta property=\"og:url\" content=\"https:\/\/liftalbert.be\/diensten\/\" \/>\n<meta property=\"og:site_name\" content=\"LiftAlbert.be\" \/>\n<meta property=\"article:modified_time\" content=\"2024-05-14T16:39:10+00:00\" \/>\n<meta property=\"og:image\" content=\"https:\/\/liftalbert.be\/wp-content\/uploads\/2021\/08\/Liftservice-Brussel-liftalbert-1024x512.jpg\" \/>\n<meta name=\"twitter:card\" content=\"summary_large_image\" \/>\n<meta name=\"twitter:label1\" content=\"Dur\u00e9e de lecture estim\u00e9e\" \/>\n\t<meta name=\"twitter:data1\" content=\"3 minutes\" \/>\n<script type=\"application\/ld+json\" class=\"yoast-schema-graph\">{\"@context\":\"https:\/\/schema.org\",\"@graph\":[{\"@type\":\"WebPage\",\"@id\":\"https:\/\/liftalbert.be\/diensten\/\",\"url\":\"https:\/\/liftalbert.be\/diensten\/\",\"name\":\"Onze voordelige verhuisdiensten - LiftAlbert.be\",\"isPartOf\":{\"@id\":\"https:\/\/liftalbert.be\/#website\"},\"primaryImageOfPage\":{\"@id\":\"https:\/\/liftalbert.be\/diensten\/#primaryimage\"},\"image\":{\"@id\":\"https:\/\/liftalbert.be\/diensten\/#primaryimage\"},\"thumbnailUrl\":\"https:\/\/liftalbert.be\/wp-content\/uploads\/2021\/08\/Liftservice-Brussel-liftalbert-1024x512.jpg\",\"datePublished\":\"2019-11-13T18:33:06+00:00\",\"dateModified\":\"2024-05-14T16:39:10+00:00\",\"breadcrumb\":{\"@id\":\"https:\/\/liftalbert.be\/diensten\/#breadcrumb\"},\"inLanguage\":\"fr-FR\",\"potentialAction\":[{\"@type\":\"ReadAction\",\"target\":[\"https:\/\/liftalbert.be\/diensten\/\"]}]},{\"@type\":\"ImageObject\",\"inLanguage\":\"fr-FR\",\"@id\":\"https:\/\/liftalbert.be\/diensten\/#primaryimage\",\"url\":\"https:\/\/liftalbert.be\/wp-content\/uploads\/2021\/08\/Liftservice-Brussel-liftalbert.jpg\",\"contentUrl\":\"https:\/\/liftalbert.be\/wp-content\/uploads\/2021\/08\/Liftservice-Brussel-liftalbert.jpg\",\"width\":1200,\"height\":600},{\"@type\":\"BreadcrumbList\",\"@id\":\"https:\/\/liftalbert.be\/diensten\/#breadcrumb\",\"itemListElement\":[{\"@type\":\"ListItem\",\"position\":1,\"name\":\"Home\",\"item\":\"https:\/\/liftalbert.be\/\"},{\"@type\":\"ListItem\",\"position\":2,\"name\":\"Nos services\"}]},{\"@type\":\"WebSite\",\"@id\":\"https:\/\/liftalbert.be\/#website\",\"url\":\"https:\/\/liftalbert.be\/\",\"name\":\"LiftAlbert.be\",\"description\":\"\",\"publisher\":{\"@id\":\"https:\/\/liftalbert.be\/#organization\"},\"potentialAction\":[{\"@type\":\"SearchAction\",\"target\":{\"@type\":\"EntryPoint\",\"urlTemplate\":\"https:\/\/liftalbert.be\/?s={search_term_string}\"},\"query-input\":\"required name=search_term_string\"}],\"inLanguage\":\"fr-FR\"},{\"@type\":\"Organization\",\"@id\":\"https:\/\/liftalbert.be\/#organization\",\"name\":\"Lift Albert\",\"url\":\"https:\/\/liftalbert.be\/\",\"logo\":{\"@type\":\"ImageObject\",\"inLanguage\":\"fr-FR\",\"@id\":\"https:\/\/liftalbert.be\/#\/schema\/logo\/image\/\",\"url\":\"https:\/\/liftalbert.be\/wp-content\/uploads\/2022\/09\/cropped-Logo-Lift-Albert.png\",\"contentUrl\":\"https:\/\/liftalbert.be\/wp-content\/uploads\/2022\/09\/cropped-Logo-Lift-Albert.png\",\"width\":200,\"height\":40,\"caption\":\"Lift Albert\"},\"image\":{\"@id\":\"https:\/\/liftalbert.be\/#\/schema\/logo\/image\/\"}}]}<\/script>\n<!-- \/ Yoast SEO plugin. -->","yoast_head_json":{"title":"Nos services de d\u00e9m\u00e9nagement - LiftAlbert.be","description":"D\u00e9m\u00e9nagements Lift Albert accompagne les particuliers et les entreprises \u00e0 Bruxelles et alentours pour leur d\u00e9m\u00e9nagement avec des offres adapt\u00e9es.","robots":{"index":"index","follow":"follow","max-snippet":"max-snippet:-1","max-image-preview":"max-image-preview:large","max-video-preview":"max-video-preview:-1"},"canonical":"https:\/\/liftalbert.be\/diensten\/","og_locale":"fr_FR","og_type":"article","og_title":"Nos services de d\u00e9m\u00e9nagement - LiftAlbert.be","og_description":"D\u00e9m\u00e9nagements Lift Albert accompagne les particuliers et les entreprises \u00e0 Bruxelles et alentours pour leur d\u00e9m\u00e9nagement avec des offres adapt\u00e9es.","og_url":"https:\/\/liftalbert.be\/diensten\/","og_site_name":"LiftAlbert.be","article_modified_time":"2024-05-14T16:39:10+00:00","og_image":[{"url":"https:\/\/liftalbert.be\/wp-content\/uploads\/2021\/08\/Liftservice-Brussel-liftalbert-1024x512.jpg"}],"twitter_card":"summary_large_image","twitter_misc":{"Dur\u00e9e de lecture estim\u00e9e":"3 minutes"},"schema":{"@context":"https:\/\/schema.org","@graph":[{"@type":"WebPage","@id":"https:\/\/liftalbert.be\/diensten\/","url":"https:\/\/liftalbert.be\/diensten\/","name":"Onze voordelige verhuisdiensten - LiftAlbert.be","isPartOf":{"@id":"https:\/\/liftalbert.be\/#website"},"primaryImageOfPage":{"@id":"https:\/\/liftalbert.be\/diensten\/#primaryimage"},"image":{"@id":"https:\/\/liftalbert.be\/diensten\/#primaryimage"},"thumbnailUrl":"https:\/\/liftalbert.be\/wp-content\/uploads\/2021\/08\/Liftservice-Brussel-liftalbert-1024x512.jpg","datePublished":"2019-11-13T18:33:06+00:00","dateModified":"2024-05-14T16:39:10+00:00","breadcrumb":{"@id":"https:\/\/liftalbert.be\/diensten\/#breadcrumb"},"inLanguage":"fr-FR","potentialAction":[{"@type":"ReadAction","target":["https:\/\/liftalbert.be\/diensten\/"]}]},{"@type":"ImageObject","inLanguage":"fr-FR","@id":"https:\/\/liftalbert.be\/diensten\/#primaryimage","url":"https:\/\/liftalbert.be\/wp-content\/uploads\/2021\/08\/Liftservice-Brussel-liftalbert.jpg","contentUrl":"https:\/\/liftalbert.be\/wp-content\/uploads\/2021\/08\/Liftservice-Brussel-liftalbert.jpg","width":1200,"height":600},{"@type":"BreadcrumbList","@id":"https:\/\/liftalbert.be\/diensten\/#breadcrumb","itemListElement":[{"@type":"ListItem","position":1,"name":"Home","item":"https:\/\/liftalbert.be\/"},{"@type":"ListItem","position":2,"name":"Nos services"}]},{"@type":"WebSite","@id":"https:\/\/liftalbert.be\/#website","url":"https:\/\/liftalbert.be\/","name":"LiftAlbert.be","description":"","publisher":{"@id":"https:\/\/liftalbert.be\/#organization"},"potentialAction":[{"@type":"SearchAction","target":{"@type":"EntryPoint","urlTemplate":"https:\/\/liftalbert.be\/?s={search_term_string}"},"query-input":"required name=search_term_string"}],"inLanguage":"fr-FR"},{"@type":"Organization","@id":"https:\/\/liftalbert.be\/#organization","name":"Lift Albert","url":"https:\/\/liftalbert.be\/","logo":{"@type":"ImageObject","inLanguage":"fr-FR","@id":"https:\/\/liftalbert.be\/#\/schema\/logo\/image\/","url":"https:\/\/liftalbert.be\/wp-content\/uploads\/2022\/09\/cropped-Logo-Lift-Albert.png","contentUrl":"https:\/\/liftalbert.be\/wp-content\/uploads\/2022\/09\/cropped-Logo-Lift-Albert.png","width":200,"height":40,"caption":"Lift Albert"},"image":{"@id":"https:\/\/liftalbert.be\/#\/schema\/logo\/image\/"}}]}},"_links":{"self":[{"href":"https:\/\/liftalbert.be\/fr\/wp-json\/wp\/v2\/pages\/17"}],"collection":[{"href":"https:\/\/liftalbert.be\/fr\/wp-json\/wp\/v2\/pages"}],"about":[{"href":"https:\/\/liftalbert.be\/fr\/wp-json\/wp\/v2\/types\/page"}],"author":[{"embeddable":true,"href":"https:\/\/liftalbert.be\/fr\/wp-json\/wp\/v2\/users\/1"}],"replies":[{"embeddable":true,"href":"https:\/\/liftalbert.be\/fr\/wp-json\/wp\/v2\/comments?post=17"}],"version-history":[{"count":17,"href":"https:\/\/liftalbert.be\/fr\/wp-json\/wp\/v2\/pages\/17\/revisions"}],"predecessor-version":[{"id":906,"href":"https:\/\/liftalbert.be\/fr\/wp-json\/wp\/v2\/pages\/17\/revisions\/906"}],"wp:attachment":[{"href":"https:\/\/liftalbert.be\/fr\/wp-json\/wp\/v2\/media?parent=17"}],"curies":[{"name":"wp","href":"https:\/\/api.w.org\/{rel}","templated":true}]}}