{"id":28,"date":"2019-11-13T19:35:40","date_gmt":"2019-11-13T18:35:40","guid":{"rendered":"https:\/\/liftalbert.be\/?page_id=28"},"modified":"2024-05-05T16:28:32","modified_gmt":"2024-05-05T14:28:32","slug":"contact","status":"publish","type":"page","link":"https:\/\/liftalbert.be\/fr\/contact\/","title":{"rendered":"Contact"},"content":{"rendered":"<p>&nbsp;<\/p>\n<p>Vous souhaitez nous contacter pour organiser votre prochain d\u00e9m\u00e9nagement ou pour louer l&rsquo;un de nos lifts ou camions ? Nous serions ravis d&rsquo;avoir de vos nouvelles ! Vous pouvez nous joindre par t\u00e9l\u00e9phone au <a href=\"tel:+32499050505\">0499 05 05 05<\/a> ou par e-mail \u00e0 &nbsp;<a href=\"mailto:info@liftalbert.be\">info@liftalbert.be<\/a>. Notre \u00e9quipe d\u00e9vou\u00e9e est l\u00e0 pour r\u00e9pondre \u00e0 toutes vos questions, vous fournir des informations suppl\u00e9mentaires sur nos services et vous aider \u00e0 planifier votre d\u00e9m\u00e9nagement de mani\u00e8re efficace et sans stress. N&rsquo;h\u00e9sitez pas \u00e0 nous contacter d\u00e8s aujourd&rsquo;hui et laissez-nous vous accompagner dans cette \u00e9tape importante de votre vie.<\/p>\n<p>&nbsp;<\/p>\n\n<div class=\"wpcf7 no-js\" id=\"wpcf7-f19-o1\" lang=\"fr-FR\" dir=\"ltr\">\n<div class=\"screen-reader-response\"><p role=\"status\" aria-live=\"polite\" aria-atomic=\"true\"><\/p> <ul><\/ul><\/div>\n<form action=\"\/fr\/wp-json\/wp\/v2\/pages\/28#wpcf7-f19-o1\" method=\"post\" class=\"wpcf7-form init\" aria-label=\"Formulaire de contact\" novalidate=\"novalidate\" data-status=\"init\">\n<div style=\"display: none;\">\n<input type=\"hidden\" name=\"_wpcf7\" value=\"19\" \/>\n<input type=\"hidden\" name=\"_wpcf7_version\" value=\"5.9.3\" \/>\n<input type=\"hidden\" name=\"_wpcf7_locale\" value=\"fr_FR\" \/>\n<input type=\"hidden\" name=\"_wpcf7_unit_tag\" value=\"wpcf7-f19-o1\" \/>\n<input type=\"hidden\" name=\"_wpcf7_container_post\" value=\"0\" \/>\n<input type=\"hidden\" name=\"_wpcf7_posted_data_hash\" value=\"\" \/>\n<input type=\"hidden\" name=\"_wpcf7_recaptcha_response\" value=\"\" \/>\n<\/div>\n<p><label> Votre nom (obligatoire)<br \/>\n<span class=\"wpcf7-form-control-wrap\" data-name=\"your-name\"><input size=\"40\" class=\"wpcf7-form-control wpcf7-text wpcf7-validates-as-required\" aria-required=\"true\" aria-invalid=\"false\" value=\"\" type=\"text\" name=\"your-name\" \/><\/span> <\/label>\n<\/p>\n<p><label> Votre email (obligatoire)<br \/>\n<span class=\"wpcf7-form-control-wrap\" data-name=\"your-email\"><input size=\"40\" class=\"wpcf7-form-control wpcf7-email wpcf7-validates-as-required wpcf7-text wpcf7-validates-as-email\" aria-required=\"true\" aria-invalid=\"false\" value=\"\" type=\"email\" name=\"your-email\" \/><\/span> <\/label><br \/>\n<label> Code Postal<br \/>\n<span class=\"wpcf7-form-control-wrap\" data-name=\"your-cdp\"><input size=\"40\" class=\"wpcf7-form-control wpcf7-text\" aria-invalid=\"false\" value=\"\" type=\"text\" name=\"your-cdp\" \/><\/span> <\/label>\n<\/p>\n<p><label> Sujet<br \/>\n<span class=\"wpcf7-form-control-wrap\" data-name=\"your-subject\"><input size=\"40\" class=\"wpcf7-form-control wpcf7-text\" aria-invalid=\"false\" value=\"\" type=\"text\" name=\"your-subject\" \/><\/span> <\/label>\n<\/p>\n<p><label> Votre message<br \/>\n<span class=\"wpcf7-form-control-wrap\" data-name=\"your-message\"><textarea cols=\"40\" rows=\"10\" class=\"wpcf7-form-control wpcf7-textarea\" aria-invalid=\"false\" name=\"your-message\"><\/textarea><\/span> <\/label><br \/>\n<span class=\"wpcf7-form-control-wrap recaptcha\" data-name=\"recaptcha\"><span data-sitekey=\"6LdIXs8gAAAAAOlnbbls4G2tvoSk0MPE0RSEHu5i\" class=\"wpcf7-form-control wpcf7-recaptcha g-recaptcha\"><\/span>\r\n<noscript>\r\n\t<div class=\"grecaptcha-noscript\">\r\n\t\t<iframe loading=\"lazy\" src=\"https:\/\/www.google.com\/recaptcha\/api\/fallback?k=6LdIXs8gAAAAAOlnbbls4G2tvoSk0MPE0RSEHu5i\" frameborder=\"0\" scrolling=\"no\" width=\"310\" height=\"430\">\r\n\t\t<\/iframe>\r\n\t\t<textarea name=\"g-recaptcha-response\" rows=\"3\" cols=\"40\" placeholder=\"reCaptcha Response Here\">\r\n\t\t<\/textarea>\r\n\t<\/div>\r\n<\/noscript>\r\n<\/span><br \/>\n<input class=\"wpcf7-form-control wpcf7-submit has-spinner\" type=\"submit\" value=\"Envoyer\" \/>\n<\/p><p style=\"display: none !important;\" class=\"akismet-fields-container\" data-prefix=\"_wpcf7_ak_\"><label>&#916;<textarea name=\"_wpcf7_ak_hp_textarea\" cols=\"45\" rows=\"8\" maxlength=\"100\"><\/textarea><\/label><input type=\"hidden\" id=\"ak_js_1\" name=\"_wpcf7_ak_js\" value=\"149\"\/><script>document.getElementById( \"ak_js_1\" ).setAttribute( \"value\", ( new Date() ).getTime() );<\/script><\/p><div class=\"wpcf7-response-output\" aria-hidden=\"true\"><\/div>\n<\/form>\n<\/div>\n\n","protected":false},"excerpt":{"rendered":"<p>&nbsp; Vous souhaitez nous contacter pour organiser votre prochain d\u00e9m\u00e9nagement ou pour louer l&rsquo;un de nos lifts ou camions ?&nbsp;[&hellip;]<\/p>\n","protected":false},"author":1,"featured_media":0,"parent":0,"menu_order":0,"comment_status":"closed","ping_status":"closed","template":"","meta":{"ngg_post_thumbnail":0,"footnotes":""},"translation":{"provider":"WPGlobus","version":"2.12.2","language":"fr","enabled_languages":["nl","fr"],"languages":{"nl":{"title":true,"content":true,"excerpt":false},"fr":{"title":true,"content":true,"excerpt":false}}},"yoast_head":"<!-- This site is optimized with the Yoast SEO plugin v22.3 - https:\/\/yoast.com\/wordpress\/plugins\/seo\/ -->\n<title>Contactez-nous pour un d\u00e9m\u00e9nagement sans souci dans un rayon de 40 km de Bruxelles | Lift Albert<\/title>\n<meta name=\"description\" content=\"Vous recherchez une entreprise de d\u00e9m\u00e9nagement fiable dans la r\u00e9gion de Bruxelles ? Contactez Lift Albert pour un service professionnel et sans souci dans un rayon de 40 km autour de Bruxelles. Que ce soit pour louer un lift, un camion ou organiser un d\u00e9m\u00e9nagement complet, notre \u00e9quipe est l\u00e0 pour vous aider. Appelez-nous ou envoyez un e-mail d\u00e8s aujourd&#039;hui pour obtenir plus d&#039;informations.\" \/>\n<meta name=\"robots\" content=\"index, follow, max-snippet:-1, max-image-preview:large, max-video-preview:-1\" \/>\n<link rel=\"canonical\" href=\"https:\/\/liftalbert.be\/contact\/\" \/>\n<meta property=\"og:locale\" content=\"fr_FR\" \/>\n<meta property=\"og:type\" content=\"article\" \/>\n<meta property=\"og:title\" content=\"Contactez-nous pour un d\u00e9m\u00e9nagement sans souci dans un rayon de 40 km de Bruxelles | Lift Albert\" \/>\n<meta property=\"og:description\" content=\"Vous recherchez une entreprise de d\u00e9m\u00e9nagement fiable dans la r\u00e9gion de Bruxelles ? Contactez Lift Albert pour un service professionnel et sans souci dans un rayon de 40 km autour de Bruxelles. Que ce soit pour louer un lift, un camion ou organiser un d\u00e9m\u00e9nagement complet, notre \u00e9quipe est l\u00e0 pour vous aider. Appelez-nous ou envoyez un e-mail d\u00e8s aujourd&#039;hui pour obtenir plus d&#039;informations.\" \/>\n<meta property=\"og:url\" content=\"https:\/\/liftalbert.be\/contact\/\" \/>\n<meta property=\"og:site_name\" content=\"LiftAlbert.be\" \/>\n<meta property=\"article:modified_time\" content=\"2024-05-05T14:28:32+00:00\" \/>\n<meta name=\"twitter:card\" content=\"summary_large_image\" \/>\n<meta name=\"twitter:label1\" content=\"Dur\u00e9e de lecture estim\u00e9e\" \/>\n\t<meta name=\"twitter:data1\" content=\"1 minute\" \/>\n<script type=\"application\/ld+json\" class=\"yoast-schema-graph\">{\"@context\":\"https:\/\/schema.org\",\"@graph\":[{\"@type\":\"WebPage\",\"@id\":\"https:\/\/liftalbert.be\/contact\/\",\"url\":\"https:\/\/liftalbert.be\/contact\/\",\"name\":\"Neem contact met ons op voor zorgeloos verhuizen binnen een straal van 40 km van Brussel | Lift Albert\",\"isPartOf\":{\"@id\":\"https:\/\/liftalbert.be\/#website\"},\"datePublished\":\"2019-11-13T18:35:40+00:00\",\"dateModified\":\"2024-05-05T14:28:32+00:00\",\"description\":\"Op zoek naar een betrouwbaar verhuisbedrijf in de regio Brussel? Neem contact op met Lift Albert voor professionele en zorgeloze service binnen een straal van 40 km rond Brussel. Of u nu een lift, een vrachtwagen wilt huren of een volledige verhuizing wilt regelen, ons team staat voor u klaar. Bel of stuur vandaag nog een e-mail voor meer informatie.\",\"breadcrumb\":{\"@id\":\"https:\/\/liftalbert.be\/contact\/#breadcrumb\"},\"inLanguage\":\"fr-FR\",\"potentialAction\":[{\"@type\":\"ReadAction\",\"target\":[\"https:\/\/liftalbert.be\/contact\/\"]}]},{\"@type\":\"BreadcrumbList\",\"@id\":\"https:\/\/liftalbert.be\/contact\/#breadcrumb\",\"itemListElement\":[{\"@type\":\"ListItem\",\"position\":1,\"name\":\"Home\",\"item\":\"https:\/\/liftalbert.be\/\"},{\"@type\":\"ListItem\",\"position\":2,\"name\":\"Contact\"}]},{\"@type\":\"WebSite\",\"@id\":\"https:\/\/liftalbert.be\/#website\",\"url\":\"https:\/\/liftalbert.be\/\",\"name\":\"LiftAlbert.be\",\"description\":\"\",\"publisher\":{\"@id\":\"https:\/\/liftalbert.be\/#organization\"},\"potentialAction\":[{\"@type\":\"SearchAction\",\"target\":{\"@type\":\"EntryPoint\",\"urlTemplate\":\"https:\/\/liftalbert.be\/?s={search_term_string}\"},\"query-input\":\"required name=search_term_string\"}],\"inLanguage\":\"fr-FR\"},{\"@type\":\"Organization\",\"@id\":\"https:\/\/liftalbert.be\/#organization\",\"name\":\"Lift Albert\",\"url\":\"https:\/\/liftalbert.be\/\",\"logo\":{\"@type\":\"ImageObject\",\"inLanguage\":\"fr-FR\",\"@id\":\"https:\/\/liftalbert.be\/#\/schema\/logo\/image\/\",\"url\":\"https:\/\/liftalbert.be\/wp-content\/uploads\/2022\/09\/cropped-Logo-Lift-Albert.png\",\"contentUrl\":\"https:\/\/liftalbert.be\/wp-content\/uploads\/2022\/09\/cropped-Logo-Lift-Albert.png\",\"width\":200,\"height\":40,\"caption\":\"Lift Albert\"},\"image\":{\"@id\":\"https:\/\/liftalbert.be\/#\/schema\/logo\/image\/\"}}]}<\/script>\n<!-- \/ Yoast SEO plugin. -->","yoast_head_json":{"title":"Contactez-nous pour un d\u00e9m\u00e9nagement sans souci dans un rayon de 40 km de Bruxelles | Lift Albert","description":"Vous recherchez une entreprise de d\u00e9m\u00e9nagement fiable dans la r\u00e9gion de Bruxelles ? Contactez Lift Albert pour un service professionnel et sans souci dans un rayon de 40 km autour de Bruxelles. Que ce soit pour louer un lift, un camion ou organiser un d\u00e9m\u00e9nagement complet, notre \u00e9quipe est l\u00e0 pour vous aider. Appelez-nous ou envoyez un e-mail d\u00e8s aujourd'hui pour obtenir plus d'informations.","robots":{"index":"index","follow":"follow","max-snippet":"max-snippet:-1","max-image-preview":"max-image-preview:large","max-video-preview":"max-video-preview:-1"},"canonical":"https:\/\/liftalbert.be\/contact\/","og_locale":"fr_FR","og_type":"article","og_title":"Contactez-nous pour un d\u00e9m\u00e9nagement sans souci dans un rayon de 40 km de Bruxelles | Lift Albert","og_description":"Vous recherchez une entreprise de d\u00e9m\u00e9nagement fiable dans la r\u00e9gion de Bruxelles ? Contactez Lift Albert pour un service professionnel et sans souci dans un rayon de 40 km autour de Bruxelles. Que ce soit pour louer un lift, un camion ou organiser un d\u00e9m\u00e9nagement complet, notre \u00e9quipe est l\u00e0 pour vous aider. Appelez-nous ou envoyez un e-mail d\u00e8s aujourd'hui pour obtenir plus d'informations.","og_url":"https:\/\/liftalbert.be\/contact\/","og_site_name":"LiftAlbert.be","article_modified_time":"2024-05-05T14:28:32+00:00","twitter_card":"summary_large_image","twitter_misc":{"Dur\u00e9e de lecture estim\u00e9e":"1 minute"},"schema":{"@context":"https:\/\/schema.org","@graph":[{"@type":"WebPage","@id":"https:\/\/liftalbert.be\/contact\/","url":"https:\/\/liftalbert.be\/contact\/","name":"Neem contact met ons op voor zorgeloos verhuizen binnen een straal van 40 km van Brussel | Lift Albert","isPartOf":{"@id":"https:\/\/liftalbert.be\/#website"},"datePublished":"2019-11-13T18:35:40+00:00","dateModified":"2024-05-05T14:28:32+00:00","description":"Op zoek naar een betrouwbaar verhuisbedrijf in de regio Brussel? Neem contact op met Lift Albert voor professionele en zorgeloze service binnen een straal van 40 km rond Brussel. Of u nu een lift, een vrachtwagen wilt huren of een volledige verhuizing wilt regelen, ons team staat voor u klaar. Bel of stuur vandaag nog een e-mail voor meer informatie.","breadcrumb":{"@id":"https:\/\/liftalbert.be\/contact\/#breadcrumb"},"inLanguage":"fr-FR","potentialAction":[{"@type":"ReadAction","target":["https:\/\/liftalbert.be\/contact\/"]}]},{"@type":"BreadcrumbList","@id":"https:\/\/liftalbert.be\/contact\/#breadcrumb","itemListElement":[{"@type":"ListItem","position":1,"name":"Home","item":"https:\/\/liftalbert.be\/"},{"@type":"ListItem","position":2,"name":"Contact"}]},{"@type":"WebSite","@id":"https:\/\/liftalbert.be\/#website","url":"https:\/\/liftalbert.be\/","name":"LiftAlbert.be","description":"","publisher":{"@id":"https:\/\/liftalbert.be\/#organization"},"potentialAction":[{"@type":"SearchAction","target":{"@type":"EntryPoint","urlTemplate":"https:\/\/liftalbert.be\/?s={search_term_string}"},"query-input":"required name=search_term_string"}],"inLanguage":"fr-FR"},{"@type":"Organization","@id":"https:\/\/liftalbert.be\/#organization","name":"Lift Albert","url":"https:\/\/liftalbert.be\/","logo":{"@type":"ImageObject","inLanguage":"fr-FR","@id":"https:\/\/liftalbert.be\/#\/schema\/logo\/image\/","url":"https:\/\/liftalbert.be\/wp-content\/uploads\/2022\/09\/cropped-Logo-Lift-Albert.png","contentUrl":"https:\/\/liftalbert.be\/wp-content\/uploads\/2022\/09\/cropped-Logo-Lift-Albert.png","width":200,"height":40,"caption":"Lift Albert"},"image":{"@id":"https:\/\/liftalbert.be\/#\/schema\/logo\/image\/"}}]}},"_links":{"self":[{"href":"https:\/\/liftalbert.be\/fr\/wp-json\/wp\/v2\/pages\/28"}],"collection":[{"href":"https:\/\/liftalbert.be\/fr\/wp-json\/wp\/v2\/pages"}],"about":[{"href":"https:\/\/liftalbert.be\/fr\/wp-json\/wp\/v2\/types\/page"}],"author":[{"embeddable":true,"href":"https:\/\/liftalbert.be\/fr\/wp-json\/wp\/v2\/users\/1"}],"replies":[{"embeddable":true,"href":"https:\/\/liftalbert.be\/fr\/wp-json\/wp\/v2\/comments?post=28"}],"version-history":[{"count":8,"href":"https:\/\/liftalbert.be\/fr\/wp-json\/wp\/v2\/pages\/28\/revisions"}],"predecessor-version":[{"id":793,"href":"https:\/\/liftalbert.be\/fr\/wp-json\/wp\/v2\/pages\/28\/revisions\/793"}],"wp:attachment":[{"href":"https:\/\/liftalbert.be\/fr\/wp-json\/wp\/v2\/media?parent=28"}],"curies":[{"name":"wp","href":"https:\/\/api.w.org\/{rel}","templated":true}]}}