{"id":565,"date":"2022-09-26T19:23:36","date_gmt":"2022-09-26T17:23:36","guid":{"rendered":"https:\/\/liftalbert.be\/nlverhuislift-huren-in-ganshoren-goedkoop-ladderliftfrlift-demenagement-ganshoren-pas-cher-7j-7\/"},"modified":"2022-09-26T19:23:36","modified_gmt":"2022-09-26T17:23:36","slug":"nlverhuislift-huren-in-ganshoren-goedkoop-ladderliftfrlift-demenagement-ganshoren-pas-cher-7j-7","status":"publish","type":"page","link":"https:\/\/liftalbert.be\/fr\/nlverhuislift-huren-in-ganshoren-goedkoop-ladderliftfrlift-demenagement-ganshoren-pas-cher-7j-7\/","title":{"rendered":"Lift d\u00e9m\u00e9nagement  Ganshoren &#8211; Pas cher 7j\/7"},"content":{"rendered":"<h3>Location de lift \/ nacelle pour d\u00e9m\u00e9nagement au meilleur prix \u00e0 Ganshoren<\/h3>\n<p>Que vous soyez particulier ou professionnels, gr\u00e2ce \u00e0 nos techniciens dynamique, LIFT ALBERT vous enl\u00e8ve un poids.\u202fNous proposons nos Montes-charges \/ \u00e9l\u00e9vateur\/ lift et des formules sur mesure adapt\u00e9s \u00e0 vos besoins les plus sp\u00e9cifiques \u00e0 Ganshoren.<\/p>\n<p>Vos chantiers et vos d\u00e9m\u00e9nagements sont les notre et vos challenges sont au c\u0153ur de notre pr\u00e9occupation.<\/p>\n<p>Nous proposons de multiples solutions pour faciliter le passage de votre mobilier encombrant, mat\u00e9riaux lourds, carrelages, volets, stores et fen\u00eatres, miroiterie, coffres,\u202fplan en marbre&#8230;<\/p>\n<p>Avec nos formules de location d&rsquo;\u00e9l\u00e9vateur de d\u00e9m\u00e9nagement (monte-meuble) , des tunnels pi\u00e9tons et des pupitres sur mesure sont mis \u00e0 votre disposition.<\/p>\n<h3>L&rsquo;expert en location de lift pour d\u00e9m\u00e9nagement depuis 2012 \u00e0 Ganshoren<\/h3>\n<p>Le d\u00e9m\u00e9nagement est un travail intensif. Surtout si vous devez monter et descendre beaucoup d&rsquo;escaliers. La location d&rsquo;un monte-charge \/ lift offre une solution id\u00e9ale pour votre d\u00e9m\u00e9nagement \u00e0 Ganshoren. Un monte-meuble mobile qui est plac\u00e9 contre une fa\u00e7ade et qui soul\u00e8ve et abaisse des objets volumineux et lourds. Id\u00e9al si, par exemple, vous d\u00e9m\u00e9nagez vers ou depuis un appartement ! L&rsquo;utilisation d&rsquo;un \u00e9l\u00e9vateur de d\u00e9m\u00e9nagement est \u00e9galement possible dans les rues parfois \u00e9troites de Ganshoren.<\/p>\n<p>Vous souhaitez louer un monte-charge\/ lift d\u00e9m\u00e9nagement facilement et \u00e0 moindre co\u00fbt \u00e0 Ganshoren et dans les environs ? Vous \u00eates au bon endroit avec nous. Nous sommes l\u00e0 pour vous 7 jours sur 7 ainsi m\u00eame un dimanche. <a title=\"Entreprise de d\u00e9m\u00e9nagement pas cher\" href=\"https:\/\/liftalbert.be\/contact\/\">Contactez-nous pour un devis location de lift sans engagement !<\/a><\/p>\n<p>&nbsp;<\/p>\n<p><img loading=\"lazy\" decoding=\"async\" class=\"alignnone wp-image-201 size-full\" src=\"https:\/\/liftalbert.be\/wp-content\/uploads\/2022\/09\/ladderlift-huren-verhuislift-goedkoop-verhuisfirma.jpg\" alt=\"Prix \u00e9l\u00e9vateur d\u00e9m\u00e9nagement Prix \u00e9l\u00e9vateur d\u00e9m\u00e9nagement Ganshoren\" width=\"1000\" height=\"667\" srcset=\"https:\/\/liftalbert.be\/wp-content\/uploads\/2022\/09\/ladderlift-huren-verhuislift-goedkoop-verhuisfirma.jpg 1000w, https:\/\/liftalbert.be\/wp-content\/uploads\/2022\/09\/ladderlift-huren-verhuislift-goedkoop-verhuisfirma-300x200.jpg 300w, https:\/\/liftalbert.be\/wp-content\/uploads\/2022\/09\/ladderlift-huren-verhuislift-goedkoop-verhuisfirma-768x512.jpg 768w, https:\/\/liftalbert.be\/wp-content\/uploads\/2022\/09\/ladderlift-huren-verhuislift-goedkoop-verhuisfirma-200x133.jpg 200w, https:\/\/liftalbert.be\/wp-content\/uploads\/2022\/09\/ladderlift-huren-verhuislift-goedkoop-verhuisfirma-690x460.jpg 690w\" sizes=\"(max-width: 1000px) 100vw, 1000px\" \/><\/p>\n<p><strong>Le transport Ganshoren<\/strong><br \/>\nVous cherchez un moyen de transport adapt\u00e9 ? Aucun probl\u00e8me,<br \/>\nNous n&rsquo;avons \u00e9galement que des camionnettes de d\u00e9m\u00e9nagement. Nous pouvons vous proposez un service complet pour votre d\u00e9m\u00e9nagement \u00e0 Ganshoren.<\/p>\n<p><strong>Meilleur Prix Ganshoren<\/strong><br \/>\nNous essayons de garder nos prix aussi abordables que possible.<br \/>\nNotre tarif commence \u00e0 partir du moment o\u00f9 nous quittons Wemmel jusqu&rsquo;\u00e0 notre retour ici. Nous ciblons \u00e9galement les entreprises qui ont r\u00e9guli\u00e8rement besoin d&rsquo;un monte-charge notamment dans la construction o\u00f9 les entreprise de vide maisons, bureaux, entrep\u00f4ts.<\/p>\n<p><strong>Contact Ganshoren<\/strong><br \/>\nNous sommes disponibles 7j\/7. Si vous avez des questions sur nos services, n&rsquo;h\u00e9sitez pas \u00e0 nous contacter. Notre personnel sera heureux de vous accompagner pour votre d\u00e9m\u00e9nagement. Vous pouvez prendre rendez-vous par t\u00e9l\u00e9phone ou via le site internet.<\/p>\n<p><img loading=\"lazy\" decoding=\"async\" class=\"alignnone size-full wp-image-154\" src=\"https:\/\/liftalbert.be\/wp-content\/uploads\/2022\/09\/cropped-Logo-Lift-Albert.png\" alt=\"Lift d\u00e9m\u00e9nagement pas cher Ganshoren\" width=\"200\" height=\"40\"><\/p>\n<p><strong>LiftAlbert.be<\/strong><br \/>\nKaasmarkt 15<br \/>\n1780 Wemmel<\/p>\n<p>Tel : <a title=\"Location lift d\u00e9m\u00e9nagement Ganshoren\" href=\"tel:+32499050505\">0499 05 05 05<\/a><br \/>\nEmail : <a title=\"Location nacelle prix par jour\" href=\"mailto:info@liftalbert.be\">info@liftalbert.be<\/a><\/p>\n<p>Location d&rsquo;un monte-meuble \/ monte-charge \u00e0 Ganshoren \u00e0 partir de 60 euros la premi\u00e8re heure, puis 40 euros pour chaque heure suppl\u00e9mentaire.&nbsp;<\/p>\n<h3><i class=\"fa fa-check\"><\/i><strong>Aussi le week-end<\/strong><\/h3>\n<p>Nous sommes disponibles tous les jours sur rendez-vous \u00e0 Ganshoren. Donc si ce n&rsquo;est pas pratique pendant la semaine, nous viendrons juste le week-end.<\/p>\n<h3><i class=\"fa fa-check\"><\/i><strong>\u00c9conomique<\/strong><\/h3>\n<p>La location d&rsquo;un lift pour d\u00e9m\u00e9nagement pas cher. Bien s\u00fbr, cela d\u00e9pend d&rsquo;un certain nombre de facteurs, tels que la dur\u00e9e et les services suppl\u00e9mentaires.&nbsp;Informez-vous sans engagement sur les co\u00fbts via notre&nbsp;formulaire de devis&nbsp;.<\/p>\n<h2>O\u00f9 trouver un d\u00e9m\u00e9nageur comp\u00e9tent et r\u00e9actif&nbsp; \u00e0 Ganshoren?<\/h2>\n<p>Vous recherchez un professionnel qui vous aidera \u00e0 d\u00e9m\u00e9nager dans les meilleures conditions de s\u00e9curit\u00e9 possible&nbsp;? Le d\u00e9m\u00e9nagement ne s\u2019improvise pas, il doit \u00eatre planifi\u00e9 et r\u00e9alis\u00e9 avec un mat\u00e9riel sp\u00e9cifique. Mieux vaut confier cette d\u00e9marche \u00e0 un prestataire qualifi\u00e9 et de confiance.<\/p>\n<p>Notre entreprise est sp\u00e9cialis\u00e9e dans le&nbsp;<strong>d\u00e9m\u00e9nagement de particulier et de professionnel<\/strong> \u00e0&nbsp;<strong>Ganshoren<\/strong>. Depuis des ann\u00e9es, nous proposons aux entreprises et aux m\u00e9nages des emballages, des camions et des montes-meubles\/charge\/lift moderne pour faciliter leur d\u00e9m\u00e9nagement en Belgique et \u00e0 l\u2019international. Votre d\u00e9m\u00e9nageur travaille dans le respect de l\u2019intimit\u00e9 du client, du cahier des charges et de la l\u00e9gislation en vigueur. Nous vous proposons plusieurs formules pour d\u00e9m\u00e9nager en fonction de la quantit\u00e9 de vos affaires, de la distance \u00e0 parcourir et de votre budget.<\/p>\n<div><strong>Place de parking:<\/strong>&nbsp;Vous devez pr\u00e9voir au moins 20m d\u2019espace de stationnement. De cette fa\u00e7on, nous pouvons installer l\u2019\u00e9l\u00e9vateur mobile et le camion de d\u00e9m\u00e9nagement en toute s\u00e9curit\u00e9.<\/div>\n<div><strong>Interdiction de stationnement:<\/strong> Si vous souhaitez faire imposer une interdiction de stationnement, vous devez en faire la demande \u00e0 la commune de Ganshoren au moins une semaine \u00e0 l\u2019avance.<\/div>\n<div><strong>Obstacles:<\/strong>&nbsp;S\u2019il y a des obstacles sur le lieu de l\u2019intervention pour l\u2019\u00e9l\u00e9vateur de d\u00e9m\u00e9nagement. Par exemple, un arbre ou un poteau pr\u00e8s du sol, veuillez le mentionner \u00e0 l\u2019avance. De cette fa\u00e7on, nous pouvons venir jeter un coup d\u2019\u0153il \u00e0 l\u2019avance et proposer la solution appropri\u00e9e.<\/div>\n<div>&nbsp;<\/div>\n<div>Le monte-meuble \/ lift pour d\u00e9m\u00e9nagement est un \u00e9quipement con\u00e7u pour transf\u00e9rer plus simplement des objets lourds, d\u2019un endroit \u00e0 un autre. Par cons\u00e9quent, son usage est conseill\u00e9 dans les immeubles \u00e0 \u00e9tages, principalement lorsque la cage d\u2019escalier ou l\u2019ascenseur sont trop \u00e9troits pour permettre le passage des mobiliers encombrants et volumineux. Le recours \u00e0 cet engin est aussi justifi\u00e9 lorsque le logement est <strong>difficile d<\/strong><strong>\u2019acc\u00e8s<\/strong>, rendant alors la t\u00e2che des d\u00e9m\u00e9nageurs plus complexe.<\/div>\n<p>N&rsquo;h\u00e9sitez pas \u00e0 nous contacter pour en savoir plus \/ devis d\u00e9m\u00e9nagement gratuit via notre t\u00e9l ou via le formulaire de contact<\/p>\n","protected":false},"excerpt":{"rendered":"<p>Location de lift \/ nacelle pour d\u00e9m\u00e9nagement au meilleur prix \u00e0 Ganshoren Que vous soyez particulier ou professionnels, gr\u00e2ce \u00e0&nbsp;[&hellip;]<\/p>\n","protected":false},"author":1,"featured_media":0,"parent":0,"menu_order":0,"comment_status":"closed","ping_status":"closed","template":"","meta":{"ngg_post_thumbnail":0,"footnotes":""},"translation":{"provider":"WPGlobus","version":"2.12.2","language":"fr","enabled_languages":["nl","fr"],"languages":{"nl":{"title":true,"content":true,"excerpt":false},"fr":{"title":true,"content":true,"excerpt":false}}},"yoast_head":"<!-- This site is optimized with the Yoast SEO plugin v22.3 - https:\/\/yoast.com\/wordpress\/plugins\/seo\/ -->\n<title>Lift d\u00e9m\u00e9nagement Ganshoren - Pas cher 7j\/7  - LiftAlbert.be<\/title>\n<meta name=\"robots\" content=\"index, follow, max-snippet:-1, max-image-preview:large, max-video-preview:-1\" \/>\n<link rel=\"canonical\" href=\"https:\/\/liftalbert.be\/nlverhuislift-huren-in-ganshoren-goedkoop-ladderliftfrlift-demenagement-ganshoren-pas-cher-7j-7\/\" \/>\n<meta property=\"og:locale\" content=\"fr_FR\" \/>\n<meta property=\"og:type\" content=\"article\" \/>\n<meta property=\"og:title\" content=\"Lift d\u00e9m\u00e9nagement Ganshoren - Pas cher 7j\/7  - LiftAlbert.be\" \/>\n<meta property=\"og:url\" content=\"https:\/\/liftalbert.be\/nlverhuislift-huren-in-ganshoren-goedkoop-ladderliftfrlift-demenagement-ganshoren-pas-cher-7j-7\/\" \/>\n<meta property=\"og:site_name\" content=\"LiftAlbert.be\" \/>\n<meta property=\"og:image\" content=\"https:\/\/liftalbert.be\/wp-content\/uploads\/2022\/09\/ladderlift-huren-verhuislift-goedkoop-verhuisfirma.jpg\" \/>\n<meta name=\"twitter:card\" content=\"summary_large_image\" \/>\n<meta name=\"twitter:label1\" content=\"Dur\u00e9e de lecture estim\u00e9e\" \/>\n\t<meta name=\"twitter:data1\" content=\"4 minutes\" \/>\n<script type=\"application\/ld+json\" class=\"yoast-schema-graph\">{\"@context\":\"https:\/\/schema.org\",\"@graph\":[{\"@type\":\"WebPage\",\"@id\":\"https:\/\/liftalbert.be\/nlverhuislift-huren-in-ganshoren-goedkoop-ladderliftfrlift-demenagement-ganshoren-pas-cher-7j-7\/\",\"url\":\"https:\/\/liftalbert.be\/nlverhuislift-huren-in-ganshoren-goedkoop-ladderliftfrlift-demenagement-ganshoren-pas-cher-7j-7\/\",\"name\":\"Lift d\u00e9m\u00e9nagement Ganshoren - Pas cher 7j\/7 - LiftAlbert.be\",\"isPartOf\":{\"@id\":\"https:\/\/liftalbert.be\/#website\"},\"primaryImageOfPage\":{\"@id\":\"https:\/\/liftalbert.be\/nlverhuislift-huren-in-ganshoren-goedkoop-ladderliftfrlift-demenagement-ganshoren-pas-cher-7j-7\/#primaryimage\"},\"image\":{\"@id\":\"https:\/\/liftalbert.be\/nlverhuislift-huren-in-ganshoren-goedkoop-ladderliftfrlift-demenagement-ganshoren-pas-cher-7j-7\/#primaryimage\"},\"thumbnailUrl\":\"https:\/\/liftalbert.be\/wp-content\/uploads\/2022\/09\/ladderlift-huren-verhuislift-goedkoop-verhuisfirma.jpg\",\"datePublished\":\"2022-09-26T17:23:36+00:00\",\"dateModified\":\"2022-09-26T17:23:36+00:00\",\"breadcrumb\":{\"@id\":\"https:\/\/liftalbert.be\/nlverhuislift-huren-in-ganshoren-goedkoop-ladderliftfrlift-demenagement-ganshoren-pas-cher-7j-7\/#breadcrumb\"},\"inLanguage\":\"fr-FR\",\"potentialAction\":[{\"@type\":\"ReadAction\",\"target\":[\"https:\/\/liftalbert.be\/nlverhuislift-huren-in-ganshoren-goedkoop-ladderliftfrlift-demenagement-ganshoren-pas-cher-7j-7\/\"]}]},{\"@type\":\"ImageObject\",\"inLanguage\":\"fr-FR\",\"@id\":\"https:\/\/liftalbert.be\/nlverhuislift-huren-in-ganshoren-goedkoop-ladderliftfrlift-demenagement-ganshoren-pas-cher-7j-7\/#primaryimage\",\"url\":\"https:\/\/liftalbert.be\/wp-content\/uploads\/2022\/09\/ladderlift-huren-verhuislift-goedkoop-verhuisfirma.jpg\",\"contentUrl\":\"https:\/\/liftalbert.be\/wp-content\/uploads\/2022\/09\/ladderlift-huren-verhuislift-goedkoop-verhuisfirma.jpg\",\"width\":1000,\"height\":667,\"caption\":\"Kleine ladderlift huren Ladderlift huren voor 1 uur\"},{\"@type\":\"BreadcrumbList\",\"@id\":\"https:\/\/liftalbert.be\/nlverhuislift-huren-in-ganshoren-goedkoop-ladderliftfrlift-demenagement-ganshoren-pas-cher-7j-7\/#breadcrumb\",\"itemListElement\":[{\"@type\":\"ListItem\",\"position\":1,\"name\":\"Home\",\"item\":\"https:\/\/liftalbert.be\/\"},{\"@type\":\"ListItem\",\"position\":2,\"name\":\"Verhuislift Huren in Ganshoren ? Goedkoop Ladderlift\"}]},{\"@type\":\"WebSite\",\"@id\":\"https:\/\/liftalbert.be\/#website\",\"url\":\"https:\/\/liftalbert.be\/\",\"name\":\"LiftAlbert.be\",\"description\":\"\",\"publisher\":{\"@id\":\"https:\/\/liftalbert.be\/#organization\"},\"potentialAction\":[{\"@type\":\"SearchAction\",\"target\":{\"@type\":\"EntryPoint\",\"urlTemplate\":\"https:\/\/liftalbert.be\/?s={search_term_string}\"},\"query-input\":\"required name=search_term_string\"}],\"inLanguage\":\"fr-FR\"},{\"@type\":\"Organization\",\"@id\":\"https:\/\/liftalbert.be\/#organization\",\"name\":\"Lift Albert\",\"url\":\"https:\/\/liftalbert.be\/\",\"logo\":{\"@type\":\"ImageObject\",\"inLanguage\":\"fr-FR\",\"@id\":\"https:\/\/liftalbert.be\/#\/schema\/logo\/image\/\",\"url\":\"https:\/\/liftalbert.be\/wp-content\/uploads\/2022\/09\/cropped-Logo-Lift-Albert.png\",\"contentUrl\":\"https:\/\/liftalbert.be\/wp-content\/uploads\/2022\/09\/cropped-Logo-Lift-Albert.png\",\"width\":200,\"height\":40,\"caption\":\"Lift Albert\"},\"image\":{\"@id\":\"https:\/\/liftalbert.be\/#\/schema\/logo\/image\/\"}}]}<\/script>\n<!-- \/ Yoast SEO plugin. -->","yoast_head_json":{"title":"Lift d\u00e9m\u00e9nagement Ganshoren - Pas cher 7j\/7  - LiftAlbert.be","robots":{"index":"index","follow":"follow","max-snippet":"max-snippet:-1","max-image-preview":"max-image-preview:large","max-video-preview":"max-video-preview:-1"},"canonical":"https:\/\/liftalbert.be\/nlverhuislift-huren-in-ganshoren-goedkoop-ladderliftfrlift-demenagement-ganshoren-pas-cher-7j-7\/","og_locale":"fr_FR","og_type":"article","og_title":"Lift d\u00e9m\u00e9nagement Ganshoren - Pas cher 7j\/7  - LiftAlbert.be","og_url":"https:\/\/liftalbert.be\/nlverhuislift-huren-in-ganshoren-goedkoop-ladderliftfrlift-demenagement-ganshoren-pas-cher-7j-7\/","og_site_name":"LiftAlbert.be","og_image":[{"url":"https:\/\/liftalbert.be\/wp-content\/uploads\/2022\/09\/ladderlift-huren-verhuislift-goedkoop-verhuisfirma.jpg"}],"twitter_card":"summary_large_image","twitter_misc":{"Dur\u00e9e de lecture estim\u00e9e":"4 minutes"},"schema":{"@context":"https:\/\/schema.org","@graph":[{"@type":"WebPage","@id":"https:\/\/liftalbert.be\/nlverhuislift-huren-in-ganshoren-goedkoop-ladderliftfrlift-demenagement-ganshoren-pas-cher-7j-7\/","url":"https:\/\/liftalbert.be\/nlverhuislift-huren-in-ganshoren-goedkoop-ladderliftfrlift-demenagement-ganshoren-pas-cher-7j-7\/","name":"Lift d\u00e9m\u00e9nagement Ganshoren - Pas cher 7j\/7 - LiftAlbert.be","isPartOf":{"@id":"https:\/\/liftalbert.be\/#website"},"primaryImageOfPage":{"@id":"https:\/\/liftalbert.be\/nlverhuislift-huren-in-ganshoren-goedkoop-ladderliftfrlift-demenagement-ganshoren-pas-cher-7j-7\/#primaryimage"},"image":{"@id":"https:\/\/liftalbert.be\/nlverhuislift-huren-in-ganshoren-goedkoop-ladderliftfrlift-demenagement-ganshoren-pas-cher-7j-7\/#primaryimage"},"thumbnailUrl":"https:\/\/liftalbert.be\/wp-content\/uploads\/2022\/09\/ladderlift-huren-verhuislift-goedkoop-verhuisfirma.jpg","datePublished":"2022-09-26T17:23:36+00:00","dateModified":"2022-09-26T17:23:36+00:00","breadcrumb":{"@id":"https:\/\/liftalbert.be\/nlverhuislift-huren-in-ganshoren-goedkoop-ladderliftfrlift-demenagement-ganshoren-pas-cher-7j-7\/#breadcrumb"},"inLanguage":"fr-FR","potentialAction":[{"@type":"ReadAction","target":["https:\/\/liftalbert.be\/nlverhuislift-huren-in-ganshoren-goedkoop-ladderliftfrlift-demenagement-ganshoren-pas-cher-7j-7\/"]}]},{"@type":"ImageObject","inLanguage":"fr-FR","@id":"https:\/\/liftalbert.be\/nlverhuislift-huren-in-ganshoren-goedkoop-ladderliftfrlift-demenagement-ganshoren-pas-cher-7j-7\/#primaryimage","url":"https:\/\/liftalbert.be\/wp-content\/uploads\/2022\/09\/ladderlift-huren-verhuislift-goedkoop-verhuisfirma.jpg","contentUrl":"https:\/\/liftalbert.be\/wp-content\/uploads\/2022\/09\/ladderlift-huren-verhuislift-goedkoop-verhuisfirma.jpg","width":1000,"height":667,"caption":"Kleine ladderlift huren Ladderlift huren voor 1 uur"},{"@type":"BreadcrumbList","@id":"https:\/\/liftalbert.be\/nlverhuislift-huren-in-ganshoren-goedkoop-ladderliftfrlift-demenagement-ganshoren-pas-cher-7j-7\/#breadcrumb","itemListElement":[{"@type":"ListItem","position":1,"name":"Home","item":"https:\/\/liftalbert.be\/"},{"@type":"ListItem","position":2,"name":"Verhuislift Huren in Ganshoren ? Goedkoop Ladderlift"}]},{"@type":"WebSite","@id":"https:\/\/liftalbert.be\/#website","url":"https:\/\/liftalbert.be\/","name":"LiftAlbert.be","description":"","publisher":{"@id":"https:\/\/liftalbert.be\/#organization"},"potentialAction":[{"@type":"SearchAction","target":{"@type":"EntryPoint","urlTemplate":"https:\/\/liftalbert.be\/?s={search_term_string}"},"query-input":"required name=search_term_string"}],"inLanguage":"fr-FR"},{"@type":"Organization","@id":"https:\/\/liftalbert.be\/#organization","name":"Lift Albert","url":"https:\/\/liftalbert.be\/","logo":{"@type":"ImageObject","inLanguage":"fr-FR","@id":"https:\/\/liftalbert.be\/#\/schema\/logo\/image\/","url":"https:\/\/liftalbert.be\/wp-content\/uploads\/2022\/09\/cropped-Logo-Lift-Albert.png","contentUrl":"https:\/\/liftalbert.be\/wp-content\/uploads\/2022\/09\/cropped-Logo-Lift-Albert.png","width":200,"height":40,"caption":"Lift Albert"},"image":{"@id":"https:\/\/liftalbert.be\/#\/schema\/logo\/image\/"}}]}},"_links":{"self":[{"href":"https:\/\/liftalbert.be\/fr\/wp-json\/wp\/v2\/pages\/565"}],"collection":[{"href":"https:\/\/liftalbert.be\/fr\/wp-json\/wp\/v2\/pages"}],"about":[{"href":"https:\/\/liftalbert.be\/fr\/wp-json\/wp\/v2\/types\/page"}],"author":[{"embeddable":true,"href":"https:\/\/liftalbert.be\/fr\/wp-json\/wp\/v2\/users\/1"}],"replies":[{"embeddable":true,"href":"https:\/\/liftalbert.be\/fr\/wp-json\/wp\/v2\/comments?post=565"}],"version-history":[{"count":0,"href":"https:\/\/liftalbert.be\/fr\/wp-json\/wp\/v2\/pages\/565\/revisions"}],"wp:attachment":[{"href":"https:\/\/liftalbert.be\/fr\/wp-json\/wp\/v2\/media?parent=565"}],"curies":[{"name":"wp","href":"https:\/\/api.w.org\/{rel}","templated":true}]}}